{"id":451,"date":"2024-10-20T14:57:25","date_gmt":"2024-10-20T17:57:25","guid":{"rendered":"https:\/\/econgeo.com.br\/new\/?page_id=451"},"modified":"2024-10-20T22:09:44","modified_gmt":"2024-10-21T01:09:44","slug":"nossa-politica-de-privacidade","status":"publish","type":"page","link":"https:\/\/econgeo.com.br\/new\/index.php\/nossa-politica-de-privacidade\/","title":{"rendered":"Nossa Pol\u00edtica de Privacidade"},"content":{"rendered":"\n<p><span class=\"su-dropcap su-dropcap-style-flat\" style=\"font-size:2em\">A<\/span> <strong>E-CONGEO LTDA &#8211; ME<\/strong> (<span style=\"color: #1462ac;\"><strong>eCONGEO<\/strong><\/span>), inscrita no CNPJ n\u00ba 11.446.615\/0001-62, estabelecida na Rua Dom Bosco, n\u00ba 3656, bairro Sat\u00e9lite, CEP n\u00ba 64059-370, Teresina-PI, tem como miss\u00e3o crescer de forma sustent\u00e1vel e transparente, atuando na \u00e1rea cont\u00e1bil e suas v\u00e1rias atividades financeiras, de forma eficiente no hoje e para o futura. Buscando nosso constante aprimoramento, e no contexto da Lei Geral de Prote\u00e7\u00e3o de Dados (LGPD \u2013 Lei 13.709\/2020), criamos esta Pol\u00edtica de Privacidade e Prote\u00e7\u00e3o de Dados (\u201cPol\u00edtica\u201d) para divulgar como tratamos os dados pessoais de nossos colaboradores, clientes e fornecedores e, assim estabelecer uma rela\u00e7\u00e3o de confian\u00e7a, seguran\u00e7a e transpar\u00eancia com todos. A Lei Geral de Prote\u00e7\u00e3o de Dados Pessoais (LGPD) passou a vigorar em agosto de 2020 e fixou par\u00e2metros legais para todos que lidam com dados pessoais desenvolverem suas atividades sem infringir a privacidade e a prote\u00e7\u00e3o de dados das pessoas f\u00edsicas. Caso voc\u00ea queira entender as nossas pr\u00e1ticas relativamente como lidamos com a sua informa\u00e7\u00e3o pessoal e como tratamos essa informa\u00e7\u00e3o, por favor leia as informa\u00e7\u00f5es abaixo.<\/p>\n\n\n\n<div class=\"su-spacer\" style=\"height:15px\"><\/div>\n\n\n\n<p><strong>1. QUAIS INFORMAC\u0327O\u0303ES QUE COLETAMOS?<\/strong><\/p>\n\n\n\n<p>A <span style=\"color: #1462ac;\"><strong>eCONGEO<\/strong><\/span> pode recolher, gravar e utilizar em conexa\u0303o com outros sites e parceiros as informa\u00e7\u00f5es pessoais dos usu\u00e1rios, incluindo, mas n\u00e3o se limitando ao nome da empresa, nome do respons\u00e1vel pelo acesso, CNPJ da empresa usu\u00e1ria, endere\u00e7o, n\u00famero de telefone, interesses, atividades, tempo de abertura da empresa, etc. Limitamos o tratamento aos dados m\u00ednimos necess\u00e1rios para atender as suas necessidades de acordo com as finalidades de nossa contrata\u00e7\u00e3o. A\u202f CORRETA se resguarda o direito de gravar seu IP, tipo de navegador, aparelho e operadora de celular, posi\u00e7\u00e3o geogr\u00e1fica e outros dados relativos aos usu\u00e1rios caso seja necess\u00e1rio. As informa\u00e7\u00f5es coletadas e existentes em nossos sistemas s\u00e3o informa\u00e7\u00f5es que o usu\u00e1rio se prontifica a fornecer atrav\u00e9s de contrato e fornecimento de dados cadastrais (dados pessoais, dados financeiros, dados de conta e dados de acesso), emiss\u00e3o de notas fiscais ou importa\u00e7\u00e3o de extratos banc\u00e1rios e informa\u00e7\u00f5es obtidas automaticamente. As informa\u00e7\u00f5es que os clientes, fornecedores e colaboradores se prontificam a fornecer s\u00e3o aquelas definidas como dados pessoais, dados financeiros, dados de conta e dados de acesso e que s\u00e3o preenchidas no momento do cadastro necess\u00e1rio para formalizar rela\u00e7\u00f5es contratuais conosco. Nenhuma consequ\u00eancia poder\u00e1\u0301 ocorrer da recusa em preencher tais informa\u00e7\u00f5es, exceto que o usu\u00e1rio n\u00e3o poder\u00e1\u0301 obter o benef\u00edcio de utiliza\u00e7\u00e3o dos servi\u00e7os. Quanto \u00e0 coleta e utiliza\u00e7\u00e3o de seus dados pelas redes sociais que mantemos nosso perfil, temos conhecimento de sua pol\u00edtica de privacidade (j\u00e1 que s\u00e3o p\u00fablicas) mas n\u00e3o temos influ\u00eancia sobre o tratamento dos dados por eles coletados. Independentemente da origem do dado, o tratamento ser\u00e1 regido por esta Pol\u00edtica de Privacidade.<\/p>\n\n\n\n<div class=\"su-spacer\" style=\"height:15px\"><\/div>\n\n\n\n<p><strong>2. O QUE FAZEMOS COM AS INFORMAC\u0327O\u0303ES COLETADAS?<\/strong><\/p>\n\n\n\n<p>A\u202f <span style=\"color: #1462ac;\"><strong>eCONGEO<\/strong><\/span> n\u00e3o divulga publicamente nem a terceiros suas informa\u00e7\u00f5es de modo que possam identifica\u0301-lo.\u202fBuscamos sempre manter a sua privacidade enquanto estiver utilizando o servi\u00e7o e poderemos utilizar as informa\u00e7\u00f5es fornecidas no intuito de realizar an\u00e1lises, estudos, melhorias do sistema ou por for\u00e7a de ordem judicial. As informa\u00e7\u00f5es que tratamos\u202fNA\u0303O\u202fser\u00e3o divulgadas, vendidas ou alugadas para qualquer organiza\u00e7\u00e3o ou entidade, tampouco com elas ser\u00e1\u0301 feita permuta sem antes comunicar ao usu\u00e1rio e obter seu consentimento expresso, com exce\u00e7\u00e3o de informa\u00e7\u00f5es exigidas por leis ou por ordem judicial. Em algumas situa\u00e7\u00f5es, para executamos nossos servi\u00e7os com qualidade, a <span style=\"color: #1462ac;\"><strong>eCONGEO<\/strong><\/span> poder\u00e1 compartilhar alguns dos seus dados pessoais com outras empresas, que s\u00e3o nossas parceiras e nos auxiliam em nossas atividades tais como softwares que contratamos para desenvolver nossos servi\u00e7os, fornecedores ou parceiros comerciais. Esses parceiros ser\u00e3o classificados como operadores de dados, segundo define a LGPD e s\u00e3o obrigados a respeitar a privacidade de seus dados.<\/p>\n\n\n\n<div class=\"su-spacer\" style=\"height:15px\"><\/div>\n\n\n\n<p><strong>3. QUAL A FINALIDADE DO TRATAMENTO DOS SEUS DADOS PESSOAIS?<\/strong><\/p>\n\n\n\n<p>Tratamos os seus dados pessoais para fornecer, promover, melhorar e desenvolver nossos servi\u00e7os e de acordo com os servi\u00e7os que voc\u00ea nos contrata ou para cumprimento de obriga\u00e7\u00f5es legais ou regulat\u00f3rias. Podemos ainda realizar o tratamento de dados pessoais quando for necess\u00e1rio para proteger nossos servi\u00e7os, detectar, impedir e resolver fraudes, inclusive para tratar incidentes de seguran\u00e7a, de privacidade ou qualquer outra atividade ilegal, at\u00e9 mesmo como forma de preveni-las.<\/p>\n\n\n\n<div class=\"su-spacer\" style=\"height:15px\"><\/div>\n\n\n\n<p><strong>4. COMPARTILHAMENTO DOS DADOS PESSOAIS<\/strong><\/p>\n\n\n\n<p>Conforme dito anteriormente, os seus dados pessoais poder\u00e3o ser compartilhados com nossos parceiros e fornecedores, na medida necess\u00e1ria e com o objetivo de garantir a presta\u00e7\u00e3o de nossos servi\u00e7os, para cumprir obriga\u00e7\u00f5es legais e\/ou regulat\u00f3rias ou, ainda, para cumprir com qualquer uma das finalidades previstas nesta Pol\u00edtica. Ou seja, provedores de softwares, servi\u00e7os de hospedagem em nuvem e outras tecnologias da informa\u00e7\u00e3o para fins de gest\u00e3o do seu relacionamento com nosso escrit\u00f3rio, cadastro, documenta\u00e7\u00e3o e demais provid\u00eancias. Al\u00e9m disso, com correspondentes, peritos, pareceristas, escrit\u00f3rios parceiros (nacionais e internacionais), auditores, contadores, tradutores e institui\u00e7\u00f5es financeiras para auxiliar na presta\u00e7\u00e3o dos servi\u00e7os contratados, a depender da necessidade do cliente, colaboradores ou fornecedores. Ressaltamos que o compartilhamento se dar\u00e1 por meio da ado\u00e7\u00e3o de medidas t\u00e9cnicas e organizacionais adequadas, visando a confidencialidade e integridade das informa\u00e7\u00f5es.<\/p>\n\n\n\n<div class=\"su-spacer\" style=\"height:15px\"><\/div>\n\n\n\n<p><strong>5. TRANSFER\u00caNCIA INTERNACIONAL DE DADOS PESSOAIS<\/strong><\/p>\n\n\n\n<p>A <span style=\"color: #1462ac;\"><strong>eCONGEO<\/strong><\/span> poder\u00e1 compartilhar seu dados com parceiros e fornecedores com sede em outros pa\u00edses, sempre em conformidade com a legisla\u00e7\u00e3o aplic\u00e1vel e de acordo com as cl\u00e1usulas contratuais.<\/p>\n\n\n\n<div class=\"su-spacer\" style=\"height:15px\"><\/div>\n\n\n\n<p><strong>6. SEGURAN\u00c7A NO TRATAMENTO DE SEUS DADOS PESSOAIS<\/strong><\/p>\n\n\n\n<p>A <span style=\"color: #1462ac;\"><strong>eCONGEO<\/strong><\/span> utiliza os meios razo\u00e1veis de mercado e legalmente requeridos para preservar a privacidade dos dados coletados, e assim prevenindo incidentes que possam colocar em risco a sua privacidade. Armazenamos as informa\u00e7\u00f5es coletadas em servidores pr\u00f3prios e por n\u00f3s contratados que adotam os melhores esfor\u00e7os, no sentido de preservar a privacidade dos dados dos seus Clientes. Destacamos que em caso de incidentes de seguran\u00e7a que possam gerar risco ou dano relevante para voc\u00ea ou qualquer um de nossos usu\u00e1rios, comunicaremos aos afetados e a Autoridade Nacional de Prote\u00e7\u00e3o de Dados sobre o ocorrido e cumpriremos as provid\u00eancias necess\u00e1rias.<\/p>\n\n\n\n<div class=\"su-spacer\" style=\"height:15px\"><\/div>\n\n\n\n<p><strong>7. PER\u00cdODO DE ARMAZENAMENTO<\/strong><\/p>\n\n\n\n<p>Os dados pessoais de nossos clientes, colaboradores e fornecedores ser\u00e3o armazenados durante o per\u00edodo necess\u00e1rio e conforme as finalidades para as quais foram coletados. Esses dados ser\u00e3o mantidos durante o relacionamento com o Titular (clientes, colaborador ou fornecedor) e pelo tempo obrigat\u00f3rio para cumprirmos com as obriga\u00e7\u00f5es legais, contratuais ou regulat\u00f3rias. Nos comprometemos a mant\u00ea-los armazenados, adotando todas as medidas necess\u00e1rias e razo\u00e1veis para impedir sua altera\u00e7\u00e3o, perda e acesso n\u00e3o autorizado, conforme determina\u00e7\u00e3o da legisla\u00e7\u00e3o aplic\u00e1vel e melhores pr\u00e1ticas. Consultas para fins de sele\u00e7\u00e3o de estagi\u00e1rios ou empregos, s\u00e3o mantidas em nosso banco de dados por at\u00e9 seis meses contados do recebimento, no caso de candidatos n\u00e3o selecionados.<\/p>\n\n\n\n<div class=\"su-spacer\" style=\"height:15px\"><\/div>\n\n\n\n<p><strong>8. PRIVACIDADE DESDE A CONCEPC\u0327A\u0303O<\/strong><\/p>\n\n\n\n<p>A <span style=\"color: #1462ac;\"><strong>eCONGEO<\/strong><\/span> reitera o compromisso respons\u00e1vel com o tratamento de dados pessoais, por isso adota, em atendimento a LGPD, a metodologia da privacidade desde a concep\u00e7\u00e3o de qualquer sistema de tecnologia da informa\u00e7\u00e3o ou como ponto de partida para o desenvolvimento dos seus projetos de neg\u00f3cios. Assim, buscamos implementar os princ\u00edpios de \u2018privacy by design\u2019 atrav\u00e9s de responsabilidade ativa no desenvolvimento dos nossos servi\u00e7os.<\/p>\n\n\n\n<div class=\"su-spacer\" style=\"height:15px\"><\/div>\n\n\n\n<p><strong>9. COMO ENTRAR EM CONTATO CONOSCO<\/strong><\/p>\n\n\n\n<p>Em caso de d\u00favidas ou coment\u00e1rios para quest\u00f5es relacionadas com esta Pol\u00edtica de Privacidade e Prote\u00e7\u00e3o de Dados, entre em contato conosco. Nosso canal encarregado de dados (DPO) tem como endere\u00e7o eletr\u00f4nico o e-mail: dpo@econgeo.com.br.<\/p>\n\n\n\n<div class=\"su-spacer\" style=\"height:15px\"><\/div>\n\n\n\n<p><strong>10. EXERC\u00cdCIO DE DIREITOS \u2013 QUAIS S\u00c3O OS SEUS DIREITOS EM RELA\u00c7\u00c3O AOS SEUS DADOS PESSOAIS?<\/strong><\/p>\n\n\n\n<p>Em conformidade com o estabelecido na legisla\u00e7\u00e3o aplic\u00e1vel, o titular de dados poder\u00e1 alterar, atualizar, retificar os seus dados pessoais, ou exercer quaisquer outros direitos que lhe caibam, por meio do nosso canal de comunica\u00e7\u00e3o acima referido (dpo@econgeo.com.br). Caso os seus dados pessoais sejam tratados mediante o seu consentimento, voc\u00ea poder\u00e1 retir\u00e1-lo quando desejar. Contudo, a retirada do consentimento (a) n\u00e3o afetar\u00e1 a legitimidade do tratamento realizado anteriormente, tampouco prejudicar\u00e1 o tratamento executado com base em nossa contra\u00e7\u00e3o; e (b) poder\u00e1 inviabilizar a continuidade dos servi\u00e7os, quando lhe ser\u00e1 solicitado o cancelamento dos Servi\u00e7os como pr\u00e9-requisito. Empreenderemos todos os esfor\u00e7os razo\u00e1veis para atender as requisi\u00e7\u00f5es feitas pelos Titulares, no menor tempo poss\u00edvel. No entanto, fatores justific\u00e1veis, poder\u00e3o atrasar ou impedir o seu r\u00e1pido atendimento, sendo certo que, em caso de demora, apresentaremos a voc\u00ea os devidos motivos. Por fim, todos devem estar cientes que algumas requisi\u00e7\u00f5es poder\u00e3o ser legalmente rejeitadas, seja por motivos formais (a exemplo de sua incapacidade de comprovar sua identidade) ou legais (a exemplo do pedido de exclus\u00e3o de dados cuja manuten\u00e7\u00e3o \u00e9 livre exerc\u00edcio de direito por nossa empresa), sendo certo que, na hip\u00f3tese de impossibilidade de atendimento destas requisi\u00e7\u00f5es, tamb\u00e9m apresentaremos as justificativas razo\u00e1veis.<\/p>\n\n\n\n<div class=\"su-spacer\" style=\"height:15px\"><\/div>\n\n\n\n<p><strong>11. COMO FUNCIONAM OS COOKIES?<\/strong><\/p>\n\n\n\n<p>Cookies s\u00e3o arquivos de internet que armazenam temporariamente sua intera\u00e7\u00e3o com o ambiente virtual (website http:\/\/econgeo.com.br) da <span style=\"color: #1462ac;\"><strong>eCONGEO<\/strong><\/span>, onde h\u00e1 coleta de cookies, que s\u00e3o: Cookies de desempenho \u2013 Coletam informa\u00e7\u00f5es das p\u00e1ginas acessadas para entender quanto tempo voc\u00ea permaneceu nela ou se ela apresentou erro, por exemplo. Cookies de funcionalidade \u2013 Memorizam suas prefer\u00eancias, escolhas e informa\u00e7\u00f5es para que voc\u00ea n\u00e3o precise inform\u00e1-los novamente. Cookies necess\u00e1rios \u2013 S\u00e3o essenciais para o funcionamento dos servi\u00e7os e recursos do site. Cookies de publicidade \u2013 Direcionam an\u00fancios e propagandas em fun\u00e7\u00e3o dos seus interesses. A <span style=\"color: #1462ac;\"><strong>eCONGEO<\/strong><\/span> utiliza cookies, atrav\u00e9s de sites de terceiros, para: a) proporcionar uma melhor experi\u00eancia e viabilizar recursos personalizados, tais como publicidade direcionada e informa\u00e7\u00f5es adicionais de seu interesse; b) melhorar a nossa compreens\u00e3o de como navega atrav\u00e9s dos sites para que possamos identificar melhorias; c) avaliar a publicidade e a efic\u00e1cia promocional dos sites; d) utilizamos cookies de empresas parceiras (de terceiros) para apoiar estas atividades. O per\u00edodo que seu navegador armazena ir\u00e1 depender do tipo de cookie. Alguns ir\u00e3o durar pelo tempo em que voc\u00ea estiver online, enquanto outros por um per\u00edodo mais longo. Caso voc\u00ea n\u00e3o concorde com a utiliza\u00e7\u00e3o de cookies, \u00e9 poss\u00edvel desabilitar esta fun\u00e7\u00e3o, nos termos do procedimento indicado pelo fabricante de cada navegador.<\/p>\n\n\n\n<div class=\"su-spacer\" style=\"height:15px\"><\/div>\n\n\n\n<p><strong>12. ATUALIZA\u00c7\u00d5ES<\/strong><\/p>\n\n\n\n<p>Esta Pol\u00edtica poder\u00e1 ser revisada a qualquer tempo e sem pr\u00e9vio aviso, levando-se em considera\u00e7\u00e3o a legisla\u00e7\u00e3o aplic\u00e1vel e as mudan\u00e7as organizacionais que ocorram a qualquer momento, a fim de manter sua pertin\u00eancia e efic\u00e1cia. Esta Pol\u00edtica n\u00e3o substitui, modifica ou amplia qualquer outra que tamb\u00e9m possa reger o seu relacionamento com nossa empresa. Esta Politica foi elaborada em Fevereiro de 2022 e at\u00e9 o presente momento n\u00e3o sentimos necessidade de fazer alguma altera\u00e7\u00e3o com intuito de atualiza\u00e7\u00e3o, sendo esta a Vers\u00e3o n\u00ba 01.<\/p>\n\n\n\n<div class=\"su-spacer\" style=\"height:15px\"><\/div>\n\n\n\n<p><em>\u00daltima atualiza\u00e7\u00e3o: 22.02.2022.<\/em><\/p>\n\n\n\n<p><\/p>\n","protected":false},"excerpt":{"rendered":"<p>E-CONGEO LTDA &#8211; ME (eCONGEO), inscrita no CNPJ n\u00ba 11.446.615\/0001-62, estabelecida na Rua Dom Bosco, n\u00ba 3656, bairro Sat\u00e9lite, CEP n\u00ba 64059-370, Teresina-PI, tem como miss\u00e3o crescer de forma sustent\u00e1vel e transparente, atuando na \u00e1rea cont\u00e1bil e suas v\u00e1rias atividades financeiras, de forma eficiente no hoje e para o futura. Buscando nosso constante aprimoramento, e [&hellip;]<\/p>\n","protected":false},"author":1,"featured_media":0,"parent":0,"menu_order":0,"comment_status":"closed","ping_status":"closed","template":"","meta":{"footnotes":""},"class_list":["post-451","page","type-page","status-publish","hentry"],"_links":{"self":[{"href":"https:\/\/econgeo.com.br\/new\/index.php\/wp-json\/wp\/v2\/pages\/451","targetHints":{"allow":["GET"]}}],"collection":[{"href":"https:\/\/econgeo.com.br\/new\/index.php\/wp-json\/wp\/v2\/pages"}],"about":[{"href":"https:\/\/econgeo.com.br\/new\/index.php\/wp-json\/wp\/v2\/types\/page"}],"author":[{"embeddable":true,"href":"https:\/\/econgeo.com.br\/new\/index.php\/wp-json\/wp\/v2\/users\/1"}],"replies":[{"embeddable":true,"href":"https:\/\/econgeo.com.br\/new\/index.php\/wp-json\/wp\/v2\/comments?post=451"}],"version-history":[{"count":3,"href":"https:\/\/econgeo.com.br\/new\/index.php\/wp-json\/wp\/v2\/pages\/451\/revisions"}],"predecessor-version":[{"id":482,"href":"https:\/\/econgeo.com.br\/new\/index.php\/wp-json\/wp\/v2\/pages\/451\/revisions\/482"}],"wp:attachment":[{"href":"https:\/\/econgeo.com.br\/new\/index.php\/wp-json\/wp\/v2\/media?parent=451"}],"curies":[{"name":"wp","href":"https:\/\/api.w.org\/{rel}","templated":true}]}}