{"id":443,"date":"2024-10-18T17:50:05","date_gmt":"2024-10-18T20:50:05","guid":{"rendered":"https:\/\/econgeo.com.br\/new\/?page_id=443"},"modified":"2024-10-18T17:54:20","modified_gmt":"2024-10-18T20:54:20","slug":"contate-a-econgeo","status":"publish","type":"page","link":"https:\/\/econgeo.com.br\/new\/index.php\/contate-a-econgeo\/","title":{"rendered":"Contate a eCongeo"},"content":{"rendered":"<div id=\"aq-template-wrapper-442\" class=\"aq-template-wrapper aq_row\"><div class='section ' style=' background-color:#f8f8f8; border-top-color:#e5e5e5; border-bottom-color:#e5e5e5; padding-bottom:0px; padding-top:0px;'>\n\n        \n\n\t        <!-- Start Big Heading -->\n\t        \t        <!-- End Big Heading -->\n        <div class=\"container content_container fullwidth-aq-block fullwidth_aq_map_block\"><div class=\"row\"><div id=\"aq-block-2\" class=\"aq-block  aq-block-aq_map_block col-md-12  aq-first cf\">      <!-- Start Map -->\n      <div id=\"map\" data-position-latitude=\"-5.0506419\" data-position-longitude=\"-42.7514285\" data-marker-img=\"https:\/\/econgeo.com.br\/new\/wp-content\/plugins\/vella-core\/\/images\/marker.png\"><\/div>\n      <script>\n\t\t\t\t(function($) {\n\t\t\t\t\t$.fn.CustomMap = function(options) {\n\n\t\t\t\t\t\tvar posLatitude = $('#map').data('position-latitude'),\n\t\t\t\t\t\t\tposLongitude = $('#map').data('position-longitude');\n\n\t\t\t\t\t\tvar settings = $.extend({\n\t\t\t\t\t\t\thome: {\n\t\t\t\t\t\t\t\tlatitude: posLatitude,\n\t\t\t\t\t\t\t\tlongitude: posLongitude\n\t\t\t\t\t\t\t},\n\t\t\t\t\t\t\ttext: '<div class=\"map-popup\"><h4>Escrit\u00f3rio de Contabilidade<\/h4><p>Escrit\u00f3rio de presta\u00e7\u00e3o de servi\u00e7os cont\u00e1beis em Teresina Piau\u00ed <\/p><\/div>',\n\t\t\t\t\t\t\ticon_url: $('#map').data('marker-img'),\n\n\t\t\t\t\t\t\tzoom: 15\n\t\t\t\t\t\t}, options);\n\n\n\t\t\t\t\t\tvar coords = new google.maps.LatLng(settings.home.latitude, settings.home.longitude);\n\n\n\t\t\t\t\t\treturn this.each(function() {\n\n\t\t\t\t\t\t\tvar element = $(this);\n\n\n\t\t\t\t\t\t\tvar options = {\n\n\t\t\t\t\t\t\t\tzoom: settings.zoom,\n\n\t\t\t\t\t\t\t\tcenter: coords,\n\n\t\t\t\t\t\t\t\tmapTypeId: google.maps.MapTypeId.ROADMAP,\n\n\t\t\t\t\t\t\t\tmapTypeControl: false,\n\n\t\t\t\t\t\t\t\tscaleControl: false,\n\n\t\t\t\t\t\t\t\tstreetViewControl: false,\n\n\t\t\t\t\t\t\t\tpanControl: true,\n\n\t\t\t\t\t\t\t\tdisableDefaultUI: true,\n\n\t\t\t\t\t\t\t\tzoomControlOptions: {\n\n\t\t\t\t\t\t\t\t\tstyle: google.maps.ZoomControlStyle.DEFAULT\n\n\t\t\t\t\t\t\t\t},\n\n\t\t\t\t\t\t\t\toverviewMapControl: true,\n\n\t\t\t\t\t\t\t};\n\n\n\t\t\t\t\t\t\tvar map = new google.maps.Map(element[0], options);\n\n\n\t\t\t\t\t\t\tvar icon = {\n\n\t\t\t\t\t\t\t\turl: settings.icon_url,\n\n\t\t\t\t\t\t\t\torigin: new google.maps.Point(0, 0)\n\t\t\t\t\t\t\t};\n\n\t\t\t\t\t\t\tvar marker = new google.maps.Marker({\n\n\t\t\t\t\t\t\t\tposition: coords,\n\n\t\t\t\t\t\t\t\tmap: map,\n\n\t\t\t\t\t\t\t\ticon: icon,\n\n\t\t\t\t\t\t\t\tdraggable: false\n\t\t\t\t\t\t\t});\n\n\n\t\t\t\t\t\t\tvar info = new google.maps.InfoWindow({\n\n\t\t\t\t\t\t\t\tcontent: settings.text\n\t\t\t\t\t\t\t});\n\n\t\t\t\t\t\t\tgoogle.maps.event.addListener(marker, 'click', function() {\n\n\t\t\t\t\t\t\t\tinfo.open(map, marker);\n\t\t\t\t\t\t\t});\n\n\t\t\t\t\t\t\tvar styles = [{\n\t\t\t\t\t\t\t\t\"featureType\": \"landscape\",\n\t\t\t\t\t\t\t\t\"stylers\": [{\n\t\t\t\t\t\t\t\t\t\"saturation\": -100\n\t\t\t\t\t\t\t\t}, {\n\t\t\t\t\t\t\t\t\t\"lightness\": 65\n\t\t\t\t\t\t\t\t}, {\n\t\t\t\t\t\t\t\t\t\"visibility\": \"on\"\n\t\t\t\t\t\t\t\t}]\n\t\t\t\t\t\t\t}, {\n\t\t\t\t\t\t\t\t\"featureType\": \"poi\",\n\t\t\t\t\t\t\t\t\"stylers\": [{\n\t\t\t\t\t\t\t\t\t\"saturation\": -100\n\t\t\t\t\t\t\t\t}, {\n\t\t\t\t\t\t\t\t\t\"lightness\": 51\n\t\t\t\t\t\t\t\t}, {\n\t\t\t\t\t\t\t\t\t\"visibility\": \"simplified\"\n\t\t\t\t\t\t\t\t}]\n\t\t\t\t\t\t\t}, {\n\t\t\t\t\t\t\t\t\"featureType\": \"road.highway\",\n\t\t\t\t\t\t\t\t\"stylers\": [{\n\t\t\t\t\t\t\t\t\t\"saturation\": -100\n\t\t\t\t\t\t\t\t}, {\n\t\t\t\t\t\t\t\t\t\"visibility\": \"simplified\"\n\t\t\t\t\t\t\t\t}]\n\t\t\t\t\t\t\t}, {\n\t\t\t\t\t\t\t\t\"featureType\": \"road.arterial\",\n\t\t\t\t\t\t\t\t\"stylers\": [{\n\t\t\t\t\t\t\t\t\t\"saturation\": -100\n\t\t\t\t\t\t\t\t}, {\n\t\t\t\t\t\t\t\t\t\"lightness\": 30\n\t\t\t\t\t\t\t\t}, {\n\t\t\t\t\t\t\t\t\t\"visibility\": \"on\"\n\t\t\t\t\t\t\t\t}]\n\t\t\t\t\t\t\t}, {\n\t\t\t\t\t\t\t\t\"featureType\": \"road.local\",\n\t\t\t\t\t\t\t\t\"stylers\": [{\n\t\t\t\t\t\t\t\t\t\"saturation\": -100\n\t\t\t\t\t\t\t\t}, {\n\t\t\t\t\t\t\t\t\t\"lightness\": 40\n\t\t\t\t\t\t\t\t}, {\n\t\t\t\t\t\t\t\t\t\"visibility\": \"on\"\n\t\t\t\t\t\t\t\t}]\n\t\t\t\t\t\t\t}, {\n\t\t\t\t\t\t\t\t\"featureType\": \"transit\",\n\t\t\t\t\t\t\t\t\"stylers\": [{\n\t\t\t\t\t\t\t\t\t\"saturation\": -100\n\t\t\t\t\t\t\t\t}, {\n\t\t\t\t\t\t\t\t\t\"visibility\": \"simplified\"\n\t\t\t\t\t\t\t\t}]\n\t\t\t\t\t\t\t}, {\n\t\t\t\t\t\t\t\t\"featureType\": \"administrative.province\",\n\t\t\t\t\t\t\t\t\"stylers\": [{\n\t\t\t\t\t\t\t\t\t\"visibility\": \"on\"\n\t\t\t\t\t\t\t\t}]\n\t\t\t\t\t\t\t}, {\n\t\t\t\t\t\t\t\t\"featureType\": \"water\",\n\t\t\t\t\t\t\t\t\"elementType\": \"labels\",\n\t\t\t\t\t\t\t\t\"stylers\": [{\n\t\t\t\t\t\t\t\t\t\"visibility\": \"on\"\n\t\t\t\t\t\t\t\t}, {\n\t\t\t\t\t\t\t\t\t\"lightness\": -25\n\t\t\t\t\t\t\t\t}, {\n\t\t\t\t\t\t\t\t\t\"saturation\": -100\n\t\t\t\t\t\t\t\t}]\n\t\t\t\t\t\t\t}, {\n\t\t\t\t\t\t\t\t\"featureType\": \"water\",\n\t\t\t\t\t\t\t\t\"elementType\": \"geometry\",\n\t\t\t\t\t\t\t\t\"stylers\": [{\n\t\t\t\t\t\t\t\t\t\"hue\": \"#ffff00\"\n\t\t\t\t\t\t\t\t}, {\n\t\t\t\t\t\t\t\t\t\"lightness\": -25\n\t\t\t\t\t\t\t\t}, {\n\t\t\t\t\t\t\t\t\t\"saturation\": -97\n\t\t\t\t\t\t\t\t}]\n\t\t\t\t\t\t\t}];\n\n\n\t\t\t\t\t\t\tmap.setOptions({\n\t\t\t\t\t\t\t\tstyles: styles\n\t\t\t\t\t\t\t});\n\t\t\t\t\t\t});\n\n\t\t\t\t\t};\n\t\t\t\t}(jQuery));\n\t\t\t\tjQuery(document).ready(function() {\n\t\t\t\t\tjQuery('#map').CustomMap();\n\t\t\t\t});\n\t\t\t<\/script><!-- End Map -->\n\t\t\t<\/div><\/div><\/div><\/div><div class=\"container content_container\"><div class=\"row\"><div id=\"aq-block-4\" class=\"aq-block  aq-block-aq_text_block col-md-8  aq-first cf\"><h4 class=\"classic-title\"><span>Enviar uma Mensagem<\/span><\/h4>\n<div class=\"wpcf7 no-js\" id=\"wpcf7-f14-o1\" lang=\"pt-BR\" dir=\"ltr\">\n<div class=\"screen-reader-response\"><p role=\"status\" aria-live=\"polite\" aria-atomic=\"true\"><\/p> <ul><\/ul><\/div>\n<form action=\"\/new\/index.php\/wp-json\/wp\/v2\/pages\/443#wpcf7-f14-o1\" method=\"post\" class=\"wpcf7-form init\" aria-label=\"Formul\u00e1rios de contato\" novalidate=\"novalidate\" data-status=\"init\">\n<div style=\"display: none;\">\n<input type=\"hidden\" name=\"_wpcf7\" value=\"14\" \/>\n<input type=\"hidden\" name=\"_wpcf7_version\" value=\"5.9.8\" \/>\n<input type=\"hidden\" name=\"_wpcf7_locale\" value=\"pt_BR\" \/>\n<input type=\"hidden\" name=\"_wpcf7_unit_tag\" value=\"wpcf7-f14-o1\" \/>\n<input type=\"hidden\" name=\"_wpcf7_container_post\" value=\"0\" \/>\n<input type=\"hidden\" name=\"_wpcf7_posted_data_hash\" value=\"\" \/>\n<\/div>\n<div class=\"row\">\n\t<div class=\"col-md-4\">\n\t\t<p><label for=\"your-name\">Nome Completo<span class=\"required\">*<\/span><\/label><br \/>\n<span class=\"wpcf7-form-control-wrap\" data-name=\"your-name\"><input size=\"40\" maxlength=\"400\" class=\"wpcf7-form-control wpcf7-text wpcf7-validates-as-required\" aria-required=\"true\" aria-invalid=\"false\" value=\"\" type=\"text\" name=\"your-name\" \/><\/span>\n\t\t<\/p>\n\t<\/div>\n\t<div class=\"col-md-4\">\n\t\t<p><label for=\"your-email\">E-mail v\u00e1lido<span class=\"required\">*<\/span><\/label><br \/>\n<span class=\"wpcf7-form-control-wrap\" data-name=\"your-email\"><input size=\"40\" maxlength=\"400\" class=\"wpcf7-form-control wpcf7-email wpcf7-validates-as-required wpcf7-text wpcf7-validates-as-email\" aria-required=\"true\" aria-invalid=\"false\" value=\"\" type=\"email\" name=\"your-email\" \/><\/span>\n\t\t<\/p>\n\t<\/div>\n\t<div class=\"col-md-4\">\n\t\t<p><label for=\"your-subject\">Assunto<span class=\"required\">*<\/span><\/label><br \/>\n<span class=\"wpcf7-form-control-wrap\" data-name=\"your-subject\"><input size=\"40\" maxlength=\"400\" class=\"wpcf7-form-control wpcf7-text\" aria-invalid=\"false\" value=\"\" type=\"text\" name=\"your-subject\" \/><\/span>\n\t\t<\/p>\n\t<\/div>\n<\/div>\n<div class=\"row\">\n\t<div class=\"col-md-12\">\n\t\t<p><label for=\"your-message\">Mensagem<span class=\"required\">*<\/span><\/label><br \/>\n<span class=\"wpcf7-form-control-wrap\" data-name=\"your-message\"><textarea cols=\"40\" rows=\"10\" maxlength=\"2000\" class=\"wpcf7-form-control wpcf7-textarea\" aria-invalid=\"false\" name=\"your-message\"><\/textarea><\/span>\n\t\t<\/p>\n\t<\/div>\n<\/div>\n<div class=\"row\">\n\t<div class=\"col-md-4\">\n\t\t<p><label>Informe o C\u00f3digo<span class=\"required\">*<\/span><\/label><br \/>\n<input type=\"hidden\" name=\"_wpcf7_captcha_challenge_captcha-976\" value=\"1339484354\" \/><img loading=\"lazy\" decoding=\"async\" class=\"wpcf7-form-control wpcf7-captchac wpcf7-captcha-captcha-976\" width=\"72\" height=\"24\" alt=\"captcha\" src=\"https:\/\/econgeo.com.br\/new\/wp-content\/uploads\/wpcf7_captcha\/1339484354.png\" \/><br \/>\n<span class=\"wpcf7-form-control-wrap\" data-name=\"captcha-976\"><input size=\"40\" class=\"wpcf7-form-control wpcf7-captchar\" autocomplete=\"off\" aria-invalid=\"false\" value=\"\" type=\"text\" name=\"captcha-976\" \/><\/span><br \/>\n<input class=\"wpcf7-form-control wpcf7-submit has-spinner\" type=\"submit\" value=\"Enviar\" \/>\n\t\t<\/p>\n\t<\/div>\n<\/div><div class=\"wpcf7-response-output\" aria-hidden=\"true\"><\/div>\n<\/form>\n<\/div>\n<\/div><div id=\"aq-block-5\" class=\"aq-block  aq-block-aq_text_block col-md-4   cf\"><h4 class=\"classic-title text-left\" style=\"margin-bottom:16px\"><span>Contatos<\/span><\/h4>\n\nAnote nossos dados de contato:\n\n<div class=\"su-spacer\" style=\"height:10px\"><\/div>\n\n<span class=\"default_color\"><i class=\"fa fa-map-marker\"><\/i><\/span><strong> \n Endere\u00e7o:<\/strong> Rua Dom Bosco, 3656, bairro Sat\u00e9lite, CEP 64059-370, Teresina-PI.\n\n<div class=\"su-spacer\" style=\"height:5px\"><\/div>\n\n<span class=\"default_color\"><i class=\"fa fa-envelope\"><\/i><\/span><strong>  E-mail:<\/strong> contato@econgeo.com.br\n\n<div class=\"su-spacer\" style=\"height:5px\"><\/div>\n\n<span class=\"default_color\"><i class=\"fa fa-phone\"><\/i><\/span><strong> \n Fone 1:<\/strong> (86) 3219-1079\n\n<div class=\"su-spacer\" style=\"height:5px\"><\/div>\n\n<span class=\"default_color\"><i class=\"fa fa-mobile\"><\/i><\/span><strong> \n Fone 2:<\/strong> (86) 9.9976-9613\n\n<div class=\"su-spacer\" style=\"height:5px\"><\/div>\n\n<span class=\"default_color\"><i class=\"fa fa-mobile\"><\/i><\/span><strong> \n Fone 3:<\/strong> (86) 9.8855-9613\n\n<div class=\"su-spacer\" style=\"height:30px\"><\/div>\n\n<h4 class=\"classic-title text-left\" style=\"margin-bottom:16px\"><span>Atendimento<\/span><\/h4>\n\nSeguem nossos hor\u00e1rios de atendimento\n\n<div class=\"su-spacer\" style=\"height:10px\"><\/div>\n\n<span class=\"default_color\"><i class=\"fa fa-calendar\"><\/i><\/span><strong>  Segunda a Sexta: <\/strong> 8h \u00e0s 12h e 14h \u00e0s 18h\n\n<div class=\"su-spacer\" style=\"height:5px\"><\/div>\n\n<span class=\"default_color\"><i class=\"fa fa-calendar-o\"><\/i><\/span><strong>  S\u00e1bado, Domingo e Feriados:<\/strong> Fechado<\/div><\/div><\/div><\/div>\n\n\n<p><\/p>\n","protected":false},"excerpt":{"rendered":"","protected":false},"author":1,"featured_media":0,"parent":0,"menu_order":0,"comment_status":"closed","ping_status":"closed","template":"page-templates\/pagebuilder.php","meta":{"footnotes":""},"class_list":["post-443","page","type-page","status-publish","hentry"],"_links":{"self":[{"href":"https:\/\/econgeo.com.br\/new\/index.php\/wp-json\/wp\/v2\/pages\/443","targetHints":{"allow":["GET"]}}],"collection":[{"href":"https:\/\/econgeo.com.br\/new\/index.php\/wp-json\/wp\/v2\/pages"}],"about":[{"href":"https:\/\/econgeo.com.br\/new\/index.php\/wp-json\/wp\/v2\/types\/page"}],"author":[{"embeddable":true,"href":"https:\/\/econgeo.com.br\/new\/index.php\/wp-json\/wp\/v2\/users\/1"}],"replies":[{"embeddable":true,"href":"https:\/\/econgeo.com.br\/new\/index.php\/wp-json\/wp\/v2\/comments?post=443"}],"version-history":[{"count":1,"href":"https:\/\/econgeo.com.br\/new\/index.php\/wp-json\/wp\/v2\/pages\/443\/revisions"}],"predecessor-version":[{"id":444,"href":"https:\/\/econgeo.com.br\/new\/index.php\/wp-json\/wp\/v2\/pages\/443\/revisions\/444"}],"wp:attachment":[{"href":"https:\/\/econgeo.com.br\/new\/index.php\/wp-json\/wp\/v2\/media?parent=443"}],"curies":[{"name":"wp","href":"https:\/\/api.w.org\/{rel}","templated":true}]}}