{"id":413,"date":"2024-10-18T16:34:49","date_gmt":"2024-10-18T19:34:49","guid":{"rendered":"https:\/\/econgeo.com.br\/new\/?page_id=413"},"modified":"2024-10-20T22:11:18","modified_gmt":"2024-10-21T01:11:18","slug":"auditoria-contabil-e-na-econgeo","status":"publish","type":"page","link":"https:\/\/econgeo.com.br\/new\/index.php\/auditoria-contabil-e-na-econgeo\/","title":{"rendered":"Auditoria Cont\u00e1bil \u00e9 na eCONGEO"},"content":{"rendered":"<p><span class=\"su-dropcap su-dropcap-style-flat\" style=\"font-size:2em\">A<\/span> <span style=\"color: #1462ac;\"><strong>eCONGEO<\/strong><\/span>\u00a0\u00e9 capacitada para realizar uma completa auditoria nas obriga\u00e7\u00f5es acess\u00f3rias federais que sua empresa esta enviando ao Fisco relativas aos per\u00edodos ainda n\u00e3o prescritos. E esse trabalho permiti que sua empresa se antecipe ao Fisco, detectando erros e promovendo as corre\u00e7\u00f5es necess\u00e1rias e assegura que os dados que sua empresa j\u00e1 enviou para a Receita Federal est\u00e3o corretos, evitando que ela caia na malha fina.<\/p>\n<div class=\"su-spacer\" style=\"height:15px\"><\/div>\n<p><strong>BENEF\u00cdCIOS:<\/strong><\/p>\n<ol>\n<li>Permitir que voc\u00ea realize suas opera\u00e7\u00f5es mercantis com mais seguran\u00e7a, mais agilidade, ganhando credibilidade e gerando economia de tempo e dinheiro para sua empresa;<\/li>\n<li>Ter maior precis\u00e3o na confer\u00eancia das informa\u00e7\u00f5es prestadas nos documentos fiscais federais, evitando a inscri\u00e7\u00e3o em D\u00edvida Ativa da Uni\u00e3o;<\/li>\n<li>Identificar erros ou diverg\u00eancias no preenchimento dos documentos fiscais DIPJ, DCTF, DARF, PER\/DCOMP, DACON e DIRF;<\/li>\n<li>Reduzir a possibilidade de recolher tributos com c\u00f3digos incompat\u00edveis com o regime tribut\u00e1rio federal adotado pela empresa;<\/li>\n<li>Reduzir o risco de receber multas ou autos de infra\u00e7\u00f5es, por parte da RFB, pelo preenchimento err\u00f4neo de documentos fiscais;<\/li>\n<li>Antecipar-se a corre\u00e7\u00e3o dos documentos fiscais enviados \u00e0 RFB, antes que a pr\u00f3pria Receita identifique os problemas;<\/li>\n<li>Reduza o tempo na confer\u00eancia das declara\u00e7\u00f5es fiscais enviadas ou a enviar \u00e0 RFB, gerando economias para a empresa.<\/li>\n<\/ol>\n<div class=\"su-spacer\" style=\"height:15px\"><\/div>\n<p><strong>N\u00cdVEIS DE AN\u00c1LISE:<\/strong><\/p>\n<ol>\n<li>Verifica\u00e7\u00e3o de todos os lan\u00e7amentos efetuados na DCTF, confrontando e analisando os DARFs pela refer\u00eancia, per\u00edodo de apura\u00e7\u00e3o, grupo do tributo, c\u00f3digo da receita, periodicidade, data do recolhimento e valores recolhidos;<\/li>\n<li>Cruzamento das informa\u00e7\u00f5es da DCTF com a PER\/DCOMP, identificando e analisando as compensa\u00e7\u00f5es realizadas;<\/li>\n<li>Cruzamento das informa\u00e7\u00f5es da DCTF com a DACON, nos tributos PIS\/PASEP e COFINS, verificando os lan\u00e7amentos das contribui\u00e7\u00f5es;<\/li>\n<li>An\u00e1lise das declara\u00e7\u00f5es, de acordo com o regime tribut\u00e1rio federal adotado pela empresa, a partir do ano-calend\u00e1rio de 2005, em todas as vers\u00f5es dos programas da SRF;<\/li>\n<li>Verifica\u00e7\u00e3o dos lan\u00e7amentos internos efetuados na DIPJ;<\/li>\n<li>Cruzamento dos Valores dos Impostos a Pagar declarados na DIPJ, com os Valores dos D\u00e9bitos Apurados declarados na DCTF, identificando o per\u00edodo de refer\u00eancia das informa\u00e7\u00f5es;<\/li>\n<li>Cruzamento dos Valores das Receitas e Vendas Canceladas declarados na DIPJ, com os Valores das Receitas e Vendas Canceladas declarados na DACON, identificando o per\u00edodo de refer\u00eancia das informa\u00e7\u00f5es;<\/li>\n<\/ol>\n<div class=\"su-spacer\" style=\"height:15px\"><\/div>\n<p><strong>METODOLOGIA:<\/strong><\/p>\n<p>Nossa metodologia permite a corre\u00e7\u00e3o IMEDIATA de todas as inconsist\u00eancias, erros ou diverg\u00eancias encontrados nas an\u00e1lises e \u00e9 realizada da seguinte forma:<\/p>\n<p style=\"padding-left: 30px;\"><em><strong>1\u00ba Passo:<\/strong> ENVIO DOS ARQUIVOS \u2013 <\/em>Sua empresa nos envia os arquivos que j\u00e1 foram enviados \u00e0 Receita correspondentes ao per\u00edodo que voc\u00ea quer auditar. Arquivos com a extens\u00e3o *.DEC.<\/p>\n<p style=\"padding-left: 30px;\"><em><strong>2\u00ba Passo:<\/strong> TRIAGEM E PREPARO DOS ARQUIVOS \u2013\u00a0<\/em>Nossa equipe confere se os arquivos est\u00e3o corretos e correspondem \u00e0queles exigidos por lei, de acordo com o Regime de Tributa\u00e7\u00e3o ao qual sua empresa est\u00e1 obrigada. Ex: Optantes do Lucro Real (12 arquivos da DACON, 12 arquivos da DCTF, 1 arquivo da DIPJ, 1 arquivo da DIRF, 1 arquivo do SPED Cont\u00e1bil e 12 arquivos do SPED Fiscal ou do Sintegra).<\/p>\n<p style=\"padding-left: 30px;\"><em><strong>3\u00ba. Passo:<\/strong> AUDITORIA DIGITAL \u2013 <\/em>Utilizando softwares de \u00faltima gera\u00e7\u00e3o com os par\u00e2metros e os mesmos crit\u00e9rios utilizados pela Receita, faremos o cruzamento dos dados contidos nos arquivos, identificando individualmente os itens que est\u00e3o em diverg\u00eancia, inconsistentes, com informa\u00e7\u00f5es ou valores incorretos.<\/p>\n<p style=\"padding-left: 30px;\"><em><strong>4\u00ba Passo:<\/strong> APRESENTA\u00c7\u00c3O DO RESULTADO \u2013 <\/em>Voc\u00ea e seu contador receber\u00e3o os relat\u00f3rios contendo os erros e inconsist\u00eancias identificados e tamb\u00e9m as orienta\u00e7\u00f5es pertinentes, visando facilitar as corre\u00e7\u00f5es a serem realizadas.<\/p>\n<p style=\"padding-left: 30px;\"><em><strong>5\u00ba Passo:<\/strong> CORRE\u00c7\u00d5ES E AJUSTES \u2013 <\/em>De posse dos relat\u00f3rios, seu contador far\u00e1 os ajustes e corre\u00e7\u00f5es necess\u00e1rias e transmitir\u00e1 ao Fisco as respectivas Declara\u00e7\u00f5es Retificadoras. Apenas aquelas relativas aos meses onde foi realizada alguma modifica\u00e7\u00e3o ou corre\u00e7\u00e3o.<\/p>\n<p style=\"padding-left: 30px;\"><em><strong>6\u00ba Passo:<\/strong> VERIFICA\u00c7\u00c3O FINAL \u2013 <\/em>Sua empresa nos envia os arquivos relativos \u00e0s Declara\u00e7\u00f5es Retificadoras transmitidas e n\u00f3s fazemos uma nova AUDITORIA DIGITAL, id\u00eantica \u00e0 descrita no 3\u00ba passo. O objetivo \u00e9 verificar se os erros ou inconsist\u00eancias foram CORRETAMENTE e COMPLETAMENTE sanados.<\/p>\n","protected":false},"excerpt":{"rendered":"<p>eCONGEO\u00a0\u00e9 capacitada para realizar uma completa auditoria nas obriga\u00e7\u00f5es acess\u00f3rias federais que sua empresa esta enviando ao Fisco relativas aos per\u00edodos ainda n\u00e3o prescritos. E esse trabalho permiti que sua empresa se antecipe ao Fisco, detectando erros e promovendo as corre\u00e7\u00f5es necess\u00e1rias e assegura que os dados que sua empresa j\u00e1 enviou para a Receita [&hellip;]<\/p>\n","protected":false},"author":1,"featured_media":388,"parent":0,"menu_order":0,"comment_status":"closed","ping_status":"closed","template":"","meta":{"footnotes":""},"class_list":["post-413","page","type-page","status-publish","has-post-thumbnail","hentry"],"_links":{"self":[{"href":"https:\/\/econgeo.com.br\/new\/index.php\/wp-json\/wp\/v2\/pages\/413","targetHints":{"allow":["GET"]}}],"collection":[{"href":"https:\/\/econgeo.com.br\/new\/index.php\/wp-json\/wp\/v2\/pages"}],"about":[{"href":"https:\/\/econgeo.com.br\/new\/index.php\/wp-json\/wp\/v2\/types\/page"}],"author":[{"embeddable":true,"href":"https:\/\/econgeo.com.br\/new\/index.php\/wp-json\/wp\/v2\/users\/1"}],"replies":[{"embeddable":true,"href":"https:\/\/econgeo.com.br\/new\/index.php\/wp-json\/wp\/v2\/comments?post=413"}],"version-history":[{"count":9,"href":"https:\/\/econgeo.com.br\/new\/index.php\/wp-json\/wp\/v2\/pages\/413\/revisions"}],"predecessor-version":[{"id":485,"href":"https:\/\/econgeo.com.br\/new\/index.php\/wp-json\/wp\/v2\/pages\/413\/revisions\/485"}],"wp:featuredmedia":[{"embeddable":true,"href":"https:\/\/econgeo.com.br\/new\/index.php\/wp-json\/wp\/v2\/media\/388"}],"wp:attachment":[{"href":"https:\/\/econgeo.com.br\/new\/index.php\/wp-json\/wp\/v2\/media?parent=413"}],"curies":[{"name":"wp","href":"https:\/\/api.w.org\/{rel}","templated":true}]}}