{"id":410,"date":"2024-10-18T16:26:50","date_gmt":"2024-10-18T19:26:50","guid":{"rendered":"https:\/\/econgeo.com.br\/new\/?page_id=410"},"modified":"2024-10-20T22:11:46","modified_gmt":"2024-10-21T01:11:46","slug":"consultoria-contabil-e-na-econgeo","status":"publish","type":"page","link":"https:\/\/econgeo.com.br\/new\/index.php\/consultoria-contabil-e-na-econgeo\/","title":{"rendered":"Consultoria Cont\u00e1bil \u00e9 na eCONGEO"},"content":{"rendered":"<p><span class=\"su-dropcap su-dropcap-style-flat\" style=\"font-size:2em\">C<\/span>onsultoria \u00e9 o servi\u00e7o de apoio aos gestores ou propriet\u00e1rios de empresas, para auxiliar nas tomadas de decis\u00f5es estrat\u00e9gicas, com grande impacto sobre os resultados atuais e futuros da organiza\u00e7\u00e3o, assim a <span style=\"color: #1462ac;\"><strong>eCONGEO<\/strong><\/span>\u00a0atua nos seguintes assuntos:<\/p>\n<div class=\"su-spacer\" style=\"height:15px\"><\/div>\n<p><strong>\u00c1REA TRABALHISTA:<\/strong><\/p>\n<ul>\n<li>Trabalho (CLT);<\/li>\n<li>Previd\u00eancia;<\/li>\n<li>FGTS e encargos.<\/li>\n<\/ul>\n<div class=\"su-spacer\" style=\"height:15px\"><\/div>\n<p><strong>\u00c1REA FISCAL E TRIBUT\u00c1RIA FEDERAL:<\/strong><\/p>\n<ul>\n<li>IR\/CSLL\/PIS\/COFINS\/IPI\/IOF;<\/li>\n<li>Obriga\u00e7\u00f5es principais;<\/li>\n<li>Obriga\u00e7\u00f5es acess\u00f3rias.<\/li>\n<\/ul>\n<div class=\"su-spacer\" style=\"height:15px\"><\/div>\n<p><strong>\u00c1REA FISCAL E TRIBUT\u00c1RIA ESTADUAL:<\/strong><\/p>\n<ul>\n<li>ICMS\/IPVA\/ITCD;<\/li>\n<li>Obriga\u00e7\u00f5es principais;<\/li>\n<li>Obriga\u00e7\u00f5es acess\u00f3rias.<\/li>\n<\/ul>\n<div class=\"su-spacer\" style=\"height:15px\"><\/div>\n<p><strong>\u00c1REA FISCAL E TRIBUT\u00c1RIA MUNICIPAL:<\/strong><\/p>\n<ul>\n<li>ISSQN\/TLF\/ITBI;<\/li>\n<li>Obriga\u00e7\u00f5es principais;<\/li>\n<li>Obriga\u00e7\u00f5es acess\u00f3rias.<\/li>\n<\/ul>\n","protected":false},"excerpt":{"rendered":"<p>onsultoria \u00e9 o servi\u00e7o de apoio aos gestores ou propriet\u00e1rios de empresas, para auxiliar nas tomadas de decis\u00f5es estrat\u00e9gicas, com grande impacto sobre os resultados atuais e futuros da organiza\u00e7\u00e3o, assim a eCONGEO\u00a0atua nos seguintes assuntos: \u00c1REA TRABALHISTA: Trabalho (CLT); Previd\u00eancia; FGTS e encargos. \u00c1REA FISCAL E TRIBUT\u00c1RIA FEDERAL: IR\/CSLL\/PIS\/COFINS\/IPI\/IOF; Obriga\u00e7\u00f5es principais; Obriga\u00e7\u00f5es acess\u00f3rias. \u00c1REA [&hellip;]<\/p>\n","protected":false},"author":1,"featured_media":386,"parent":0,"menu_order":0,"comment_status":"closed","ping_status":"closed","template":"","meta":{"footnotes":""},"class_list":["post-410","page","type-page","status-publish","has-post-thumbnail","hentry"],"_links":{"self":[{"href":"https:\/\/econgeo.com.br\/new\/index.php\/wp-json\/wp\/v2\/pages\/410","targetHints":{"allow":["GET"]}}],"collection":[{"href":"https:\/\/econgeo.com.br\/new\/index.php\/wp-json\/wp\/v2\/pages"}],"about":[{"href":"https:\/\/econgeo.com.br\/new\/index.php\/wp-json\/wp\/v2\/types\/page"}],"author":[{"embeddable":true,"href":"https:\/\/econgeo.com.br\/new\/index.php\/wp-json\/wp\/v2\/users\/1"}],"replies":[{"embeddable":true,"href":"https:\/\/econgeo.com.br\/new\/index.php\/wp-json\/wp\/v2\/comments?post=410"}],"version-history":[{"count":7,"href":"https:\/\/econgeo.com.br\/new\/index.php\/wp-json\/wp\/v2\/pages\/410\/revisions"}],"predecessor-version":[{"id":486,"href":"https:\/\/econgeo.com.br\/new\/index.php\/wp-json\/wp\/v2\/pages\/410\/revisions\/486"}],"wp:featuredmedia":[{"embeddable":true,"href":"https:\/\/econgeo.com.br\/new\/index.php\/wp-json\/wp\/v2\/media\/386"}],"wp:attachment":[{"href":"https:\/\/econgeo.com.br\/new\/index.php\/wp-json\/wp\/v2\/media?parent=410"}],"curies":[{"name":"wp","href":"https:\/\/api.w.org\/{rel}","templated":true}]}}