{"id":407,"date":"2024-10-18T12:53:52","date_gmt":"2024-10-18T15:53:52","guid":{"rendered":"https:\/\/econgeo.com.br\/new\/?page_id=407"},"modified":"2024-10-20T22:12:33","modified_gmt":"2024-10-21T01:12:33","slug":"assessoria-contabil-e-na-econgeo","status":"publish","type":"page","link":"https:\/\/econgeo.com.br\/new\/index.php\/assessoria-contabil-e-na-econgeo\/","title":{"rendered":"Assessoria Cont\u00e1bil \u00e9 na eCONGEO"},"content":{"rendered":"<p><span class=\"su-dropcap su-dropcap-style-flat\" style=\"font-size:2em\">A<\/span> <span style=\"color: #1462ac;\"><strong>eCONGEO<\/strong><\/span>\u00a0possui servi\u00e7o de assess\u00f3ria nos departamentos e setores que consistem em informa\u00e7\u00f5es e orienta\u00e7\u00f5es sobre os procedimentos legais, atuando nos grupos:<\/p>\n<div class=\"su-spacer\" style=\"height:15px\"><\/div>\n<p><strong>FISCAL E TRIBUT\u00c1RIO:<\/strong><\/p>\n<ul>\n<li>Planejamento tribut\u00e1rio;<\/li>\n<li>Tributa\u00e7\u00e3o Lucro Real;<\/li>\n<li>Tributa\u00e7\u00e3o Lucro Presumido;<\/li>\n<li>Tributa\u00e7\u00e3o Simples Nacional;<\/li>\n<li>Tributa\u00e7\u00e3o das ME e EPP: <em>FISCAL | EFD PIS-COFINS | DCTF | NFe | PVA | PROGRAMAS VALIDADORES DA RFB<\/em>.<\/li>\n<\/ul>\n<div class=\"su-spacer\" style=\"height:15px\"><\/div>\n<p><strong>PREVID\u00caNCIA SOCIAL DA FILIAL (CD):<\/strong><\/p>\n<ul>\n<li>Orienta\u00e7\u00e3o sobre custeio e benef\u00edcio;<\/li>\n<li>Contribui\u00e7\u00f5es mensais;<\/li>\n<li>GPS;<\/li>\n<li>CND;<\/li>\n<li>Obrigatoriedades acess\u00f3rias;<\/li>\n<li>Tomador de servi\u00e7os;<\/li>\n<li>Cess\u00e3o de m\u00e3o-de-obra;<\/li>\n<li>Reten\u00e7\u00e3o nas NFPS;<\/li>\n<li>Incid\u00eancias.<\/li>\n<\/ul>\n<div class=\"su-spacer\" style=\"height:15px\"><\/div>\n<p><strong>TRABALHISTA:<\/strong><\/p>\n<ul>\n<li>Encargos e sal\u00e1rios;<\/li>\n<li>Transfer\u00eancia dos colaboradores da Matriz para Filial (CD);<\/li>\n<li>Sem rescis\u00f5es contratuais de acordo com a Legisla\u00e7\u00e3o do Trabalho (CLT);<\/li>\n<li>Admiss\u00e3o destes colaboradores;<\/li>\n<li>Pratica de Folha de Pagamento;<\/li>\n<li>Relat\u00f3rios mensais e anuais como: <em>CAGED | RAIS | SD | GRCS;<\/em><\/li>\n<li>Conven\u00e7\u00f5es Coletivas;<\/li>\n<li>Contribui\u00e7\u00f5es Sindicais.<\/li>\n<\/ul>\n<div class=\"su-spacer\" style=\"height:15px\"><\/div>\n<p><strong>FGTS:<\/strong><\/p>\n<ul>\n<li>Recolhimentos mensais;<\/li>\n<li>SEFIP;<\/li>\n<li>GFIP;<\/li>\n<li>GRRF;<\/li>\n<li>CRS;<\/li>\n<li>CRF.<\/li>\n<\/ul>\n","protected":false},"excerpt":{"rendered":"<p>eCONGEO\u00a0possui servi\u00e7o de assess\u00f3ria nos departamentos e setores que consistem em informa\u00e7\u00f5es e orienta\u00e7\u00f5es sobre os procedimentos legais, atuando nos grupos: FISCAL E TRIBUT\u00c1RIO: Planejamento tribut\u00e1rio; Tributa\u00e7\u00e3o Lucro Real; Tributa\u00e7\u00e3o Lucro Presumido; Tributa\u00e7\u00e3o Simples Nacional; Tributa\u00e7\u00e3o das ME e EPP: FISCAL | EFD PIS-COFINS | DCTF | NFe | PVA | PROGRAMAS VALIDADORES DA RFB. [&hellip;]<\/p>\n","protected":false},"author":1,"featured_media":381,"parent":0,"menu_order":0,"comment_status":"closed","ping_status":"closed","template":"","meta":{"footnotes":""},"class_list":["post-407","page","type-page","status-publish","has-post-thumbnail","hentry"],"_links":{"self":[{"href":"https:\/\/econgeo.com.br\/new\/index.php\/wp-json\/wp\/v2\/pages\/407","targetHints":{"allow":["GET"]}}],"collection":[{"href":"https:\/\/econgeo.com.br\/new\/index.php\/wp-json\/wp\/v2\/pages"}],"about":[{"href":"https:\/\/econgeo.com.br\/new\/index.php\/wp-json\/wp\/v2\/types\/page"}],"author":[{"embeddable":true,"href":"https:\/\/econgeo.com.br\/new\/index.php\/wp-json\/wp\/v2\/users\/1"}],"replies":[{"embeddable":true,"href":"https:\/\/econgeo.com.br\/new\/index.php\/wp-json\/wp\/v2\/comments?post=407"}],"version-history":[{"count":12,"href":"https:\/\/econgeo.com.br\/new\/index.php\/wp-json\/wp\/v2\/pages\/407\/revisions"}],"predecessor-version":[{"id":487,"href":"https:\/\/econgeo.com.br\/new\/index.php\/wp-json\/wp\/v2\/pages\/407\/revisions\/487"}],"wp:featuredmedia":[{"embeddable":true,"href":"https:\/\/econgeo.com.br\/new\/index.php\/wp-json\/wp\/v2\/media\/381"}],"wp:attachment":[{"href":"https:\/\/econgeo.com.br\/new\/index.php\/wp-json\/wp\/v2\/media?parent=407"}],"curies":[{"name":"wp","href":"https:\/\/api.w.org\/{rel}","templated":true}]}}